{"id":8877,"date":"2024-05-02T10:01:07","date_gmt":"2024-05-02T09:01:07","guid":{"rendered":"http:\/\/unsa-nantesmetropole.org\/?page_id=8877"},"modified":"2024-05-02T10:01:07","modified_gmt":"2024-05-02T09:01:07","slug":"comptes-2","status":"publish","type":"page","link":"http:\/\/unsa-nantesmetropole.org\/?page_id=8877","title":{"rendered":"Comptes"},"content":{"rendered":"<div id=\"pl-gb8877-69f1d752abeca\"  class=\"panel-layout\" ><div id=\"pg-gb8877-69f1d752abeca-0\"  class=\"panel-grid panel-no-style\" ><div id=\"pgc-gb8877-69f1d752abeca-0-0\"  class=\"panel-grid-cell\" ><div id=\"panel-gb8877-69f1d752abeca-0-0-0\" class=\"so-panel widget widget_sow-editor panel-first-child panel-last-child\" data-index=\"0\" ><div\n\t\t\t\n\t\t\tclass=\"so-widget-sow-editor so-widget-sow-editor-base\"\n\t\t\t\n\t\t><h3 class=\"widget-title\">Bilans et comptes de r\u00e9sultat<\/h3>\n<div class=\"siteorigin-widget-tinymce textwidget\">\n\t<p><a href=\"http:\/\/unsa-nantesmetropole.org\/wp-content\/uploads\/2024\/05\/vignette-pour-site-internet-2.png\"><img loading=\"lazy\" decoding=\"async\" class=\"alignnone size-medium wp-image-9497\" src=\"http:\/\/unsa-nantesmetropole.org\/wp-content\/uploads\/2024\/05\/vignette-pour-site-internet-2-300x300.png\" alt=\"\" width=\"300\" height=\"300\" srcset=\"http:\/\/unsa-nantesmetropole.org\/wp-content\/uploads\/2024\/05\/vignette-pour-site-internet-2-300x300.png 300w, http:\/\/unsa-nantesmetropole.org\/wp-content\/uploads\/2024\/05\/vignette-pour-site-internet-2-150x150.png 150w, http:\/\/unsa-nantesmetropole.org\/wp-content\/uploads\/2024\/05\/vignette-pour-site-internet-2.png 624w\" sizes=\"auto, (max-width: 300px) 100vw, 300px\" \/><\/a><\/p>\n<p><a href=\"http:\/\/unsa-nantesmetropole.org\/wp-content\/uploads\/2023\/03\/bilan2018.pdf\">Bilan 2018<\/a><\/p>\n<p><a href=\"http:\/\/unsa-nantesmetropole.org\/wp-content\/uploads\/2023\/03\/compte_resultat.pdf\">Compte de r\u00e9sultat 2018<\/a><\/p>\n<p>&nbsp;<\/p>\n<p><a href=\"http:\/\/unsa-nantesmetropole.org\/wp-content\/uploads\/2023\/03\/bilan2019-1.pdf\">Bilan 2019<\/a><\/p>\n<p><a href=\"http:\/\/unsa-nantesmetropole.org\/wp-content\/uploads\/2023\/03\/compte_resultat2019.pdf\">Compte de r\u00e9sultat 2019<\/a><\/p>\n<p>&nbsp;<\/p>\n<p><a href=\"http:\/\/unsa-nantesmetropole.org\/wp-content\/uploads\/2023\/03\/bilan2020.pdf\">Bilan 2020<\/a><\/p>\n<p><a href=\"http:\/\/unsa-nantesmetropole.org\/wp-content\/uploads\/2023\/03\/compte_resultat2020.pdf\">Compte de r\u00e9sultat 2020<\/a><\/p>\n<p>&nbsp;<\/p>\n<p><a href=\"http:\/\/unsa-nantesmetropole.org\/wp-content\/uploads\/2023\/03\/bilan.pdf\">Bilan 2021<\/a><\/p>\n<p><a href=\"http:\/\/unsa-nantesmetropole.org\/wp-content\/uploads\/2023\/03\/compte_resultat-1.pdf\">Compte de r\u00e9sultat 2021<\/a><\/p>\n<p>&nbsp;<\/p>\n<p><a href=\"http:\/\/unsa-nantesmetropole.org\/wp-content\/uploads\/2024\/05\/bilan.pdf\">Bilan 2022<\/a><\/p>\n<p><a href=\"http:\/\/unsa-nantesmetropole.org\/wp-content\/uploads\/2024\/05\/compte_resultat.pdf\">Compte de r\u00e9sultat 2022<\/a><\/p>\n<p>&nbsp;<\/p>\n<p><a href=\"http:\/\/unsa-nantesmetropole.org\/wp-content\/uploads\/2024\/05\/bilan_2023.pdf\">Bilan 2023<\/a><\/p>\n<p><a href=\"http:\/\/unsa-nantesmetropole.org\/wp-content\/uploads\/2024\/05\/compte_resultat_2023.pdf\">Compte de r\u00e9sultat 2023<\/a><\/p>\n<\/div>\n<\/div><\/div><\/div><\/div><\/div>","protected":false},"excerpt":{"rendered":"<p>Bilan 2018 Compte de r\u00e9sultat 2018 &nbsp; Bilan 2019 Compte de r\u00e9sultat 2019 &nbsp; Bilan 2020 Compte de r\u00e9sultat 2020 &nbsp; Bilan 2021 Compte de r\u00e9sultat 2021 &nbsp; Bilan 2022 Compte de r\u00e9sultat 2022 &nbsp; Bilan 2023 Compte de r\u00e9sultat &hellip; <a href=\"http:\/\/unsa-nantesmetropole.org\/?page_id=8877\">Continuer la lecture <span class=\"meta-nav\">&rarr;<\/span><\/a><\/p>\n","protected":false},"author":3,"featured_media":0,"parent":0,"menu_order":0,"comment_status":"closed","ping_status":"closed","template":"","meta":{"h5ap_radio_sources":[],"footnotes":""},"class_list":["post-8877","page","type-page","status-publish","hentry"],"_links":{"self":[{"href":"http:\/\/unsa-nantesmetropole.org\/index.php?rest_route=\/wp\/v2\/pages\/8877","targetHints":{"allow":["GET"]}}],"collection":[{"href":"http:\/\/unsa-nantesmetropole.org\/index.php?rest_route=\/wp\/v2\/pages"}],"about":[{"href":"http:\/\/unsa-nantesmetropole.org\/index.php?rest_route=\/wp\/v2\/types\/page"}],"author":[{"embeddable":true,"href":"http:\/\/unsa-nantesmetropole.org\/index.php?rest_route=\/wp\/v2\/users\/3"}],"replies":[{"embeddable":true,"href":"http:\/\/unsa-nantesmetropole.org\/index.php?rest_route=%2Fwp%2Fv2%2Fcomments&post=8877"}],"version-history":[{"count":7,"href":"http:\/\/unsa-nantesmetropole.org\/index.php?rest_route=\/wp\/v2\/pages\/8877\/revisions"}],"predecessor-version":[{"id":9506,"href":"http:\/\/unsa-nantesmetropole.org\/index.php?rest_route=\/wp\/v2\/pages\/8877\/revisions\/9506"}],"wp:attachment":[{"href":"http:\/\/unsa-nantesmetropole.org\/index.php?rest_route=%2Fwp%2Fv2%2Fmedia&parent=8877"}],"curies":[{"name":"wp","href":"https:\/\/api.w.org\/{rel}","templated":true}]}}