{"id":8633,"date":"2021-04-19T14:47:00","date_gmt":"2021-04-19T13:47:00","guid":{"rendered":"http:\/\/unsa-nantesmetropole.org\/?page_id=8633"},"modified":"2021-11-26T15:31:54","modified_gmt":"2021-11-26T14:31:54","slug":"dossier-des-1607h","status":"publish","type":"page","link":"http:\/\/unsa-nantesmetropole.org\/?page_id=8633","title":{"rendered":"Dossier des 1607h"},"content":{"rendered":"\n<figure class=\"wp-block-image size-large\"><a href=\"http:\/\/unsa-nantesmetropole.org\/wp-content\/uploads\/2021\/04\/image.jpeg\"><img loading=\"lazy\" decoding=\"async\" width=\"275\" height=\"183\" src=\"http:\/\/unsa-nantesmetropole.org\/wp-content\/uploads\/2021\/04\/image.jpeg\" alt=\"data:image\/jpeg;base64,\/9j\/4AAQSkZJRgABAQAAAQABAAD\/2wCEAAoHCBUWEhgWEhQZFhgUGRoYHBkVGBkYEhIaGRgZGhodGRgdIS4mHCErIRgYJjgnKy80NTc1GiU7QDs2Py41NTEBDAwMBgYGEAYGEDEdFh0xMTExMTExMTExMTExMTExMTExMTExMTExMTExMTExMTExMTExMTExMTExMTExMTExMf\/AABEIALcBEwMBIgACEQEDEQH\/xAAcAAEAAgMBAQEAAAAAAAAAAAAABgcDBAUIAQL\/xABBEAACAQMABggDBQYEBwEAAAABAgADBBEFBhIhMUEHEyJRYXGBkVKhwRQyQmKxI3KCksLRJFOi8DM0Q2OjsuEW\/8QAFAEBAAAAAAAAAAAAAAAAAAAAAP\/EABQRAQAAAAAAAAAAAAAAAAAAAAD\/2gAMAwEAAhEDEQA\/ALmiIgIiICIiAiIgIiICIiAiJirVVVSzsFUcSxAUeZMDLEiukdfbCkSDX6wjlRVqn+pez85xavSvb57FvXYd56tf6zAsSJXVLpWoE9q2rAflNNv1YTsWPSDYVCAajUyeVVCo\/mGV+cCWxMFrdJUXapurqeaMGHuJngIiICIiAiIgIiICIiAiIgIiICIiAiIgIiICIiAiIgIiaOk9JUrek1Wu4RE4k8SeQA5k8gIG7IbrD0h2lsSiE16gyNmmRsKR8T8PQZMrnXDpArXRZKRNG33jZBw9Qd7sOH7oOO\/MiVhZVK9RadNC7OcKijefE9wHsIEx0n0m31UkUSlBD8Kgtj95s58xia9hqxpC\/Id9t1zkPcuwTzRSD\/pWT3VHo9pW+zVuQKtYbwONKmfAfiPifQSb3NdKaFqjBEUb2Y4AgV5YdFKADr7hmPdTUKvucmdVOjiyXAwST8ZLE+5ne0dpxa9u9akjHYLAKcbTlVDDhnGQROS+mq7tSb7Ky4Y7O0GG0WRhs7wP9iBo3PRxQI7AT1DL81MjuktQGQZVXXxRusX+VhtSxtHaXZqnVVaZpvjI7jz\/ALzsEQPP62t3att0HO7i1EkP\/FTPH5yZ6s9JgbCXgzy61BjH76cvMe0m2lNB06u8jZb4l3N69\/rK21l1Tw2X7D\/hqoNzeDjn5H0gW3Qrq6hkYOrDIZSCGHgRM0ojV3WS40fW6uqMqd5TP7OqPipseDf7MunROkqdxSWrRbaVv5lPMEciO6BvREQEREBERAREQEREBERAREQEREBERAREQEREDS0lfU6FJqtZgqICST+gHMngBPP2uGtNW+rbT5WmhPV0+SD4m73PM8uA8e30o60m4uDb0m\/Y27ENg9mrUHE+IXeB45PdIAxyce\/lAz2Ns1aoiU1LMzBVUcXY\/T+2ZfupeqqWdIZw1ZgNt\/H4UzwUfPiZHujDVkUqQuai\/tKq9gEb6dM8\/NuPljxlioIGwomC7tKdVdmqiuuQdlgCuQcg4MgdSvWWhX6y4qM9jpBNokgdZTd6LjaAA3BapwBgdnhLFgQ3UMbD3VH\/AC6pwPDLL+iCZtKaxUnIWkC5p1FJYY2Mo2CAefEjPCYdDnY0xcpwFRA48fun+ozgaDu6dOhdUGOHFYqu4kkI43Z5b1+cCXWwevcpVNNqaoMdrOW494HfJHOHQ0+jFVVKjE4BIXsg8CeM7kDBTrZdlxjZAIPeDn+0\/N5aJUUq4BB7+Bn3qz1m1y2dk9+cgj6zYgVbrVq2uClQEoTlH\/HTblv7\/wBZGtUtPVbC7NOsSytjaA+7VTk6fmHd5iXXpGzWohVhnIlS62aBZgU4VKR26bcNrw8jw84FwUKyuqshDKwDAjgQd4ImaVd0Uazba\/Zahwe0UDcUYHLp+rD1lowEREBERAREQEREBERAREQEREBERAREQEinSJp77JYuytipV\/Z0+8MwOWA57Iy3oJK5RHTDpjrb4UFPZtUxuO7rHAZvZdge8CBs3effjJDqLoT7VeIrDsJ23\/cXgvqcD1MjTb93fLo6KtFCnaGsR2rhs559WmVUeWdo+sCfU13bt2PlNpJrJNhIHNrav0n+07ZYreBA6g4xsLsgqRvBxjf4CdhRgeUKZ+oGqLCl1vXbC9ZjZ28drHdmat9o6n1VXYpoGdWJYKoYsQd5OOM6kwXG\/d8WV9xA1dA1Nq2pn8uPbdOjOHqm+bfHwuw\/Q\/WdyAiIgYevTa2dobXdkZ9pHtbNH7Sbajem\/wAxzH1nSLqzYJRQH4AdtiDxJ5ZPhN66p7SEGB5\/0oGtb1K9M7IqsGGOC1EwR7\/Uy+tE3616CVU4OoPkeDD0II9JUWuei80qqY7VPtp39ntDHpkSR9D+mOst2pE71w6jwbc49GGf4oFjxEQEREBERAREQEREBERAREQEREBERAx1HCqWO4KCT4ADJnlbS18a9erWP\/WqO\/jhmJHyxPRuvV11ejLpwcHqKig8wXUqMerTzLAzW1MvUCrxYhR5scD6T0hZWfV0Eo0iE2ECKSu0qFV2QSuRtYO\/GRmUTqJbdZpCgCMgVNs+SAt\/SJ6AUwK\/0A9S7rLbXtxVbqUuARTqNS66pTuSjM+wQThSuFzgAyYap5R7u2LMy29Zer22LOtKpTR1XaYkkBtsDPdOcNUiKz1qVy9Gq1apVRlRW2FrKi1EKsSGBZAwO7B9c9TR+jGtlqMtRq1asQzVa+CXKrsoCqABUAzuXvMCRrMkh764dR\/ztvUpL\/m0s17fzJVQy\/xL6md3RenLa4Xat66VB+RgWHmvEeogdOa1yDlcfEJszWuzgA9xEDganPg10+Cow9mYfQSUSGau1NnSNynxO59yG+pkzgIiate4AyoPaIOABtMDyJHIecDY2R3THVrKu4nedwHM+QnOo2NZhmrWYHuXd+m6aGsGi0Wg7hm213gs28nugcXWy3xUDEY2gQQeeO\/3kJ6LbnqNJNR4AtUp48G7S\/NRJ7rEjG0pO+dsKhbPHJXBz7iVdbVTR0yGG7LUX9mTP6N7wPRUREBERAREQEREBERAREQEREBERAREQIV0t1dnRNb8zU196izzxPQfTCudE1PB6R\/8izz5AmvRRTzfg\/DTqH3wPrLsQyl+iU\/4w+NFv\/ZZ3qutd\/dX1S10ctNFosytUqDJARtkuc8MkYAAJgWghmYCV6uqV\/V\/5rS1UD4bderHlkEZ9QZEtd9CVtFvQuba8rPtOVPWsS4ZRtDONzKRkEH6wLtq2iuN4kK090dUajGpQzQqcduj2cnvZBuPyPjJpo26FWjTqLwqojjydA31m5tCBT66S0vo84qM1zTH4jl8DxVjtj0JE6lr0lpWAWpS2TnijZ91bBHuZYV2iMp2gMePAesqjWWxtK1Rks1arXPO3G5D3s+Nk\/PzgdnQWmqVXSnWUWylRtneCpzsbLAg79zCWBW0igbZXLuPwp2iP3jwX1IlY6q6sVrGtTJVS12r08sSxQnDEsRzGCcA79++WnZWy06aqqquAM7A2VJxvOP7wMQp1H++dgfCh7Xq\/wDYDzmzRoqowoA8uJ8zzmWIHPuLWozH9sVTkEADcPimnpHRiLSdi77SgkMzZOQN3zm3VtazMc19lc7gijOPFjzhdEU+L7VQ\/wDcYt8uECJXly9TRwatvbJAY8XVXwD9M+EqvSxxpBD3oPkxl0a7kLbMBuAAAA4DeJSulWzfUwOSfqTA9IUjlVPeB+kyTHSGFUdwH6TJAREQEREBERAREQEREBERAREQERECJdJ9Db0Tc\/lUP\/I6n6TzfPVen7LrrSvR\/wA2lUQeBZGAPuZ5T38DuI3EdxHGBMOjCvs6QQfGjp642v6Z1K5vbDS9xUtbRqyV2LYCsUdXIfcy\/dIbPH2kQ1Wu+qvKDnglVM+THZPyYy7tO6xUrQIaodjULKq01LM5UAkbtw4j\/YgcVNK6crH9nZULZT+Ku+0w9A2f9M5Ws2pN9cUqle9vVqPQpu6U6aYQELtFRwAzgb8Z4Tr\/AP6q+qj\/AAmjHweD3Limo8ShIz7z7U0Tpa5QpdXdG2RgVZLdCzlSMEbTHd6GB1+jvSW3ou2Pwp1f8jFB8gJl1h1lqUaiUbe1qXFaqpZVQbNMAEjLP+Hh+nfN\/Qui0tqCUKWdimuAWxtMeJZscySTOvS3QIdb6p3l2Q2lbkqnH7LbHZpDwqNvLf8AzjJno7RlGgmxQprTXuUAZ8SeJPiZnR5mBgYqlBW2Syg7B2l\/KcFcj0J95miICIiAn5DDv4TDeVwiM5\/CCfPwnK0RXHWsoDHbVXLFSqlhucgNgkE45QOP0hV8Usd7KPr9JUVjTNXSqoPjpJ\/MyZ\/Uyxuke57aJ4s3sAPqZDei2267SYqclZ6nooIX5ssC\/RPsRAREQEREBERAREQEREBERAREQEREBPMGvmjDb6SuKeMKXNRfFKnaGPUkek9PypenDQZalSvEG+merqd+yxyh9GyP44FOUzv\/AN8p6D1a0h19pRq82QbXg47Lj3BnnmWb0UaY+\/bMeP7RP0qD\/wBT7wLQE\/YmFWkKv9Ku73SVbutQei7rToWtPaqOigFHY7DMwbOSRgDfvgWApmVGnH1ZvDWsreq7BnekjOw4F9kbXkc5z4zrLA2EeZ0eaqzIhgbRqADJOAN5J4D1mKjeoxwrbWBnIB2eOPvcPnONS0ED\/wAarUq9raAJKqDjHeSd3EZxx3DhOvb2qJ9xQpwFyBvwOAz3QNyJ+ROZe6YVHNNUqVagAYrSQnZDZALMcKvA8TygdWYq9QKpJ7p9qPgSEa7azC3pMc9o9lB8TEHHpzPlAgPSLpfarVNk\/cUIMfE28+2flJR0LaJ2KNSuR97FNfIdp\/8AUQP4ZUzM9euqDLsXH8bucAeZJHuZ6V1d0Utta06C\/wDTXefiYnaY+rEwOrERAREQEREBERAREQEREBERAREQEREBNLStglehUo1BlaqMjd+GGMjxHEeU3YgeTtOaKe1ualvVHapNjPJ14qw8CMGfnRV89GqlSme1TYMO494PgQSPWXp0oam\/baIrUF\/xFAHA4dcnEofzc18SRzlAMpBwQQQcEEYII3EEcjA9EaH0klxRSrTPZdQcc1PNT4g7povou4W4qvb3CU0uOrLbdMvVRkTY7B2goGMcQd\/KVnqLrN9mqbFQ\/sqhGf8Attw2vLgD78pcdGsGAIOQRkEcCDzEBoSwW2oJRRmYJntP95ixLMTjdvJM6iPNANMd9c1Epk0aYqPkAIzhF38SWIOAPKB2FafsNIpq7pK5qVrhbjqtmiUQCiHwrldt1LPvbCsm\/A3nhOlp8s1ncKhwzUagBHEHYMDnVukC3NQ07OlWvXBwRbpmmp\/NUbAx4jIgNpm55W+j0PfmvdD+gSLana9KtnQtbW0q16yJ2lpqq0lOTvZyee7eRz4zs3CacuVbFS2sgfuomXqk8gz4IHmPaBYNtlUVWbaZVALEYLEDBYjlnjIzrTY7VQtTp3NR6tPYxRqijbrsFyrVH2lbILncM7uU5XRjputXsW+0uz1aVZ6bMxBbACsATzxtEekk11ehRxgfhrhqVuiVH23RFV3+NlXtNv8AImef9cdYjc3TMhzTTsIOTd7ep+QEkHSJrltlrag2RwqOOHiin9T6d8jmpmrdS8uVppu\/EzY3UkyAzHx5KOZgTvoc1ZLVDdVRlKRITP46v4m8lG7zPhLqmloywShRSjSGylNdkD9Se8k5J8TN2AiIgIiICIiAiIgIiICIiAiIgIiICIiAiIgJWXSP0eC52rizAWvxdOC3HiO5\/HgeffLLZsTm3t4AOMDyxVpOjsjqUdCVZWGGUjiCDwMmWpmuJt8Uq5LUeCtxaj\/dPDlyk21s0RQut9RMONy1E3VB5\/EPAys9J6q16RJQdavIp9\/Hin9swLtt7pXQOjBlYZDKcqwPMGZGchSVGSAcAnAJxuBPLfKJ0JrBcWjYpsQuctTcdhu\/cd6nxGPWT\/RXSDbvgVQ9JueRtU\/Rl3j1AgSrQFm1CgqOQzsWeoy52XqOxZyCeIyfYTpuQylTwYFT5EY+s49tpy2f7lxTbydc+xM2H0hTUZaogHeXUD9YFaah6bewevbvaVqlRnGOqXL9nK4bP4eYPjJfVutLXIwiUrGm2QWdusuQO9QNyn285lvtcrWnnNdCe5WB\/TMh2mOkkHK0FZvFuyntxPriBMNFJbaMtTTWptYYuzHA2mIAJPJRgAY8JXutevtSvmnQJRDuLDc7DuB5Dx4yNaR0hXuDms24cF+6i+S\/UyS6p6h1rkhmBpUvjYdtx+RD+p3ecDg6u6v1rqsKdJNpjvOchKa5+855Dw4mei9UtXadlQFOnvY73c\/eqN3nuA4Acp81f0FStqYp0E2V4kneznvZjvJkgpJiBlE+xEBERARE+QPsREBERAREQEREBERAREQERPhMD7MVSoBMVe4AnHu73xgbN7fY5yP3l0TPteqTNN1zA1apJms6ToGnPwaMDjXmjqdQYqIr+Y3+\/GcC71OpH\/hs6Hu++vz3\/OTb7PPhtCeUCsrnVOuvBkceZB9iPrNA6vV\/8kHyK\/3ltDRhPKbVDQvhAqGjqpctwoqPNh\/ed7RfR3WcjrHRB3ICze5wB85a1togDlOtb2YHKBEtX9RLagQ+xtuPx1DtEeQ+6voJM6FribNOjM4WBjSnMwEYn2AiIgIiICIiAiIgIiICIiAiIgIiICIiB8JmjcXGIiBx7m5Jmg5JnyIH56ufoUZ8iB+lt5kW0iIGdLGbKWAiIGylkJsJbCIgZ0oTMEiIH7An2IgIiICIiAiIgIiICIiAiIgIiICIiB\/\/2Q==\" class=\"wp-image-8645\" srcset=\"http:\/\/unsa-nantesmetropole.org\/wp-content\/uploads\/2021\/04\/image.jpeg 275w, http:\/\/unsa-nantesmetropole.org\/wp-content\/uploads\/2021\/04\/image-272x182.jpeg 272w\" sizes=\"auto, (max-width: 275px) 100vw, 275px\" \/><\/a><\/figure>\n\n\n<div id=\"pl-gb8633-69e72f8386c62\"  class=\"panel-layout\" ><div id=\"pg-gb8633-69e72f8386c62-0\"  class=\"panel-grid panel-no-style\" ><div id=\"pgc-gb8633-69e72f8386c62-0-0\"  class=\"panel-grid-cell\" ><div id=\"panel-gb8633-69e72f8386c62-0-0-0\" class=\"so-panel widget widget_sow-editor panel-first-child panel-last-child\" data-index=\"0\" ><div\n\t\t\t\n\t\t\tclass=\"so-widget-sow-editor so-widget-sow-editor-base\"\n\t\t\t\n\t\t>\n<div class=\"siteorigin-widget-tinymce textwidget\">\n\t<ul>\n<li><a href=\"http:\/\/unsa-nantesmetropole.org\/wp-content\/uploads\/2021\/11\/1607h_tract_cfdt-unsa-fo_161121-V5.pdf\">Tract d&rsquo;appel \u00e0 mobilisation du 16\/11\/2021<\/a><\/li>\n<li><a href=\"http:\/\/unsa-nantesmetropole.org\/wp-content\/uploads\/2021\/11\/CT_210608_communication.pdf\">D\u00e9claration UNSA lors du comit\u00e9 technique du 08\/06\/2021<\/a><\/li>\n<li><a href=\"http:\/\/unsa-nantesmetropole.org\/wp-content\/uploads\/2021\/11\/tract-intersyndical-FO-CFDT-UNSA-appel-a-la-greve-au-20-mai-2021.pdf\">Tract d&rsquo;appel \u00e0 mobilisation du 20\/05\/2021<\/a><\/li>\n<li>Interpellation des \u00e9lus, <a href=\"http:\/\/unsa-nantesmetropole.org\/wp-content\/uploads\/2021\/04\/210419_UNSA-Territoriaux_Communique-presse_1607h.pdf\">communiqu\u00e9 de presse<\/a>. (19\/04\/2021)<\/li>\n<li><a href=\"http:\/\/unsa-nantesmetropole.org\/wp-content\/uploads\/2021\/04\/Tract_temps-de-travail_avril2021.pdf\">Point d&rsquo;\u00e9tape sur les discussions en cours.<\/a>\u00a0(02\/04\/2021)<\/li>\n<li>Temps de travail des enseignants artistes, <a href=\"http:\/\/unsa-nantesmetropole.org\/wp-content\/uploads\/2021\/04\/Tract_temps-de-travail_avril2021.pdf\">l&rsquo;UNSA interpelle la collectivit\u00e9.<\/a>\u00a0(23\/03\/2021)<\/li>\n<li>Point d&rsquo;\u00e9tape sur les d\u00e9rogations li\u00e9es aux suj\u00e9tions : <a href=\"http:\/\/unsa-nantesmetropole.org\/wp-content\/uploads\/2021\/04\/principes-UNSA_sujetions.pdf\">les principes pos\u00e9s par l&rsquo;UNSA<\/a>\u00a0(22\/03\/2021)<\/li>\n<li><a href=\"http:\/\/unsa-nantesmetropole.org\/wp-content\/uploads\/2021\/04\/Declaration-UNSA-lors-de-la-pleniere-du-02-01-2021.pdf\">D\u00e9claration UNSA lors de la r\u00e9union pl\u00e9ni\u00e8re du 02 f\u00e9vrier 2021<\/a><\/li>\n<\/ul>\n<p>&nbsp;<\/p>\n<p>&nbsp;<\/p>\n<p>&nbsp;<\/p>\n<p>&nbsp;<\/p>\n<p>&nbsp;<\/p>\n<p>&nbsp;<\/p>\n<\/div>\n<\/div><\/div><\/div><\/div><\/div>","protected":false},"excerpt":{"rendered":"","protected":false},"author":3,"featured_media":0,"parent":0,"menu_order":0,"comment_status":"closed","ping_status":"closed","template":"","meta":{"h5ap_radio_sources":[],"footnotes":""},"class_list":["post-8633","page","type-page","status-publish","hentry"],"_links":{"self":[{"href":"http:\/\/unsa-nantesmetropole.org\/index.php?rest_route=\/wp\/v2\/pages\/8633","targetHints":{"allow":["GET"]}}],"collection":[{"href":"http:\/\/unsa-nantesmetropole.org\/index.php?rest_route=\/wp\/v2\/pages"}],"about":[{"href":"http:\/\/unsa-nantesmetropole.org\/index.php?rest_route=\/wp\/v2\/types\/page"}],"author":[{"embeddable":true,"href":"http:\/\/unsa-nantesmetropole.org\/index.php?rest_route=\/wp\/v2\/users\/3"}],"replies":[{"embeddable":true,"href":"http:\/\/unsa-nantesmetropole.org\/index.php?rest_route=%2Fwp%2Fv2%2Fcomments&post=8633"}],"version-history":[{"count":13,"href":"http:\/\/unsa-nantesmetropole.org\/index.php?rest_route=\/wp\/v2\/pages\/8633\/revisions"}],"predecessor-version":[{"id":8728,"href":"http:\/\/unsa-nantesmetropole.org\/index.php?rest_route=\/wp\/v2\/pages\/8633\/revisions\/8728"}],"wp:attachment":[{"href":"http:\/\/unsa-nantesmetropole.org\/index.php?rest_route=%2Fwp%2Fv2%2Fmedia&parent=8633"}],"curies":[{"name":"wp","href":"https:\/\/api.w.org\/{rel}","templated":true}]}}