{"id":8155,"date":"2019-02-26T10:16:45","date_gmt":"2019-02-26T09:16:45","guid":{"rendered":"http:\/\/unsa-nantesmetropole.org\/?page_id=8155"},"modified":"2020-08-28T13:33:45","modified_gmt":"2020-08-28T12:33:45","slug":"nationales","status":"publish","type":"page","link":"http:\/\/unsa-nantesmetropole.org\/?page_id=8155","title":{"rendered":"Nationales &#8211; UNSA Territoriaux"},"content":{"rendered":"\n<p><a href=\"http:\/\/unsa-nantesmetropole.org\/?p=8358\" data-type=\"post\" data-id=\"8358\">R\u00e9forme des retraites<\/a><\/p>\n\n\n\n<p><a href=\"http:\/\/unsa-nantesmetropole.org\/?p=8305\">CNFPT : grande inqui\u00e9tude du Conseil d\u2019Administration suite au rapport parlementaire \u00ab De Belenet \u2013 Savatier \u00bb<\/a><\/p>\n\n\n\n<p><a href=\"http:\/\/unsa-nantesmetropole.org\/?p=8100\">Sans attendre les conclusions du d\u00e9bat national, le gouvernement r\u00e9forme, en urgence, la fonction publique selon son cap ! &nbsp;(f\u00e9vrier 2019)<\/a><\/p>\n\n\n\n<p><a href=\"http:\/\/unsa-nantesmetropole.org\/?p=8178\">Communiqu\u00e9 des organisations syndicales de la Fonction Publique (26 f\u00e9vrier 2019)<\/a><\/p>\n\n\n\n<p><a href=\"http:\/\/unsa-nantesmetropole.org\/?p=8096\">Les organisations syndicales appellent le  gouvernement \u00e0 renforcer les services publics, la Fonction publique et \u00e0  conforter le r\u00f4le des agent-es ! (janvier 2019)<\/a><br><\/p>\n\n\n\n<p><a href=\"http:\/\/unsa-nantesmetropole.org\/?p=7983\">Gr\u00e8ve du 22 mai 2018 : appel des 9 organisations syndicales<\/a><\/p>\n\n\n\n<p><a href=\"http:\/\/unsa-nantesmetropole.org\/?p=7980\">Gr\u00e8ve du 22 mai 2018: position de l&rsquo;UNSA Fonction pubique<\/a><\/p>\n","protected":false},"excerpt":{"rendered":"<p>R\u00e9forme des retraites CNFPT : grande inqui\u00e9tude du Conseil d\u2019Administration suite au rapport parlementaire \u00ab De Belenet \u2013 Savatier \u00bb Sans attendre les conclusions du d\u00e9bat national, le gouvernement r\u00e9forme, en urgence, la fonction publique selon son cap ! &nbsp;(f\u00e9vrier &hellip; <a href=\"http:\/\/unsa-nantesmetropole.org\/?page_id=8155\">Continuer la lecture <span class=\"meta-nav\">&rarr;<\/span><\/a><\/p>\n","protected":false},"author":3,"featured_media":0,"parent":0,"menu_order":0,"comment_status":"closed","ping_status":"closed","template":"","meta":{"h5ap_radio_sources":[],"footnotes":""},"class_list":["post-8155","page","type-page","status-publish","hentry"],"_links":{"self":[{"href":"http:\/\/unsa-nantesmetropole.org\/index.php?rest_route=\/wp\/v2\/pages\/8155","targetHints":{"allow":["GET"]}}],"collection":[{"href":"http:\/\/unsa-nantesmetropole.org\/index.php?rest_route=\/wp\/v2\/pages"}],"about":[{"href":"http:\/\/unsa-nantesmetropole.org\/index.php?rest_route=\/wp\/v2\/types\/page"}],"author":[{"embeddable":true,"href":"http:\/\/unsa-nantesmetropole.org\/index.php?rest_route=\/wp\/v2\/users\/3"}],"replies":[{"embeddable":true,"href":"http:\/\/unsa-nantesmetropole.org\/index.php?rest_route=%2Fwp%2Fv2%2Fcomments&post=8155"}],"version-history":[{"count":13,"href":"http:\/\/unsa-nantesmetropole.org\/index.php?rest_route=\/wp\/v2\/pages\/8155\/revisions"}],"predecessor-version":[{"id":8517,"href":"http:\/\/unsa-nantesmetropole.org\/index.php?rest_route=\/wp\/v2\/pages\/8155\/revisions\/8517"}],"wp:attachment":[{"href":"http:\/\/unsa-nantesmetropole.org\/index.php?rest_route=%2Fwp%2Fv2%2Fmedia&parent=8155"}],"curies":[{"name":"wp","href":"https:\/\/api.w.org\/{rel}","templated":true}]}}