{"id":54,"date":"2014-10-15T08:45:28","date_gmt":"2014-10-15T07:45:28","guid":{"rendered":"http:\/\/www.unsa-nantesmetropole.org\/?page_id=54"},"modified":"2020-09-01T09:16:58","modified_gmt":"2020-09-01T08:16:58","slug":"infos-agents","status":"publish","type":"page","link":"http:\/\/unsa-nantesmetropole.org\/?page_id=54","title":{"rendered":"Fiches pratiques"},"content":{"rendered":"\n<div class=\"wp-block-image\"><figure class=\"aligncenter size-large is-resized\"><img loading=\"lazy\" decoding=\"async\" src=\"http:\/\/unsa-nantesmetropole.org\/wp-content\/uploads\/2020\/01\/Libre-ensemble-UNSA-Territoriaux.png\" alt=\"\" class=\"wp-image-8362\" width=\"134\" height=\"145\" srcset=\"http:\/\/unsa-nantesmetropole.org\/wp-content\/uploads\/2020\/01\/Libre-ensemble-UNSA-Territoriaux.png 361w, http:\/\/unsa-nantesmetropole.org\/wp-content\/uploads\/2020\/01\/Libre-ensemble-UNSA-Territoriaux-276x300.png 276w\" sizes=\"auto, (max-width: 134px) 100vw, 134px\" \/><\/figure><\/div>\n\n\n<p><span style=\"color: #00ccff;\"><strong><span style=\"color: #00ccff;\">Cadres d&#8217;emploi, fonction, carri\u00e8re, r\u00e9mun\u00e9ration&#8230; les fiches de la F\u00e9d\u00e9ration Unsa Territoriaux<\/span> <span style=\"color: #00ccff;\">:<\/span><\/strong><\/span><\/p>\n\n\n<ul class=\"wp-block-list\"><li><a rel=\"noreferrer noopener\" href=\"https:\/\/www.unsa-territoriaux.org\/IMG\/pdf\/unsa-territoriaux_fiche_bases-remuneration.pdf\" target=\"_blank\">Les bases de la r\u00e9mun\u00e9ration<\/a><\/li><li><a rel=\"noreferrer noopener\" href=\"https:\/\/www.unsa-territoriaux.org\/IMG\/pdf\/unsa-territoriaux_fiche_sft.pdf\" target=\"_blank\">Le suppl\u00e9ment familial de traitement<\/a><\/li><li><a rel=\"noreferrer noopener\" href=\"https:\/\/www.unsa-territoriaux.org\/IMG\/pdf\/fiche_de_paye_oct2015.pdf\" target=\"_blank\">La fiche de paie dans la FPT<\/a><\/li><li><a rel=\"noreferrer noopener\" href=\"https:\/\/www.unsa-territoriaux.org\/IMG\/pdf\/unsa-territoriaux_fiche_jour-carence-2.pdf\" target=\"_blank\">Le jour de <\/a><a rel=\"noreferrer noopener\" href=\"https:\/\/www.unsa-territoriaux.org\/IMG\/pdf\/titularisation-categorie-c.pdf\" target=\"_blank\">carence<\/a><\/li><li><a href=\"https:\/\/www.unsa-territoriaux.org\/IMG\/pdf\/entretien_prof_mai2015.pdf\">L&rsquo;entretien professionnel<\/a><\/li><li><a rel=\"noreferrer noopener\" href=\"https:\/\/www.unsa-territoriaux.org\/IMG\/pdf\/titularisation-categorie-c.pdf\" target=\"_blank\">Titularisation \/ reprise d&rsquo;anciennet\u00e9<\/a><\/li><li><a href=\"https:\/\/www.unsa-territoriaux.org\/IMG\/pdf\/astreinte-et-permanence-fpt-juin2015.pdf\">Astreintes et permanences dans la fonction publique<\/a><\/li><li><a href=\"https:\/\/www.unsa-territoriaux.org\/IMG\/pdf\/fiche-technique_rifseep-juillet-2016.pdf\">Le RIFSEEP<\/a><\/li><li><a href=\"https:\/\/www.unsa-territoriaux.org\/IMG\/pdf\/heures-supplementaires.pdf\">Tout savoir sur les heures suppl\u00e9mentaires<\/a><\/li><li><a href=\"https:\/\/www.unsa-territoriaux.org\/IMG\/pdf\/conge-et-solidarite-familiale.pdf\">Cong\u00e9 et allocation de solidarit\u00e9 familiale<\/a><\/li><\/ul>\n\n\n\n<p><\/p>\n","protected":false},"excerpt":{"rendered":"<p>Cadres d&#8217;emploi, fonction, carri\u00e8re, r\u00e9mun\u00e9ration&#8230; les fiches de la F\u00e9d\u00e9ration Unsa Territoriaux : Les bases de la r\u00e9mun\u00e9ration Le suppl\u00e9ment familial de traitement La fiche de paie dans la FPT Le jour de carence L&rsquo;entretien professionnel Titularisation \/ reprise d&rsquo;anciennet\u00e9 &hellip; <a href=\"http:\/\/unsa-nantesmetropole.org\/?page_id=54\">Continuer la lecture <span class=\"meta-nav\">&rarr;<\/span><\/a><\/p>\n","protected":false},"author":3,"featured_media":0,"parent":0,"menu_order":0,"comment_status":"closed","ping_status":"open","template":"","meta":{"h5ap_radio_sources":[],"footnotes":""},"class_list":["post-54","page","type-page","status-publish","hentry"],"_links":{"self":[{"href":"http:\/\/unsa-nantesmetropole.org\/index.php?rest_route=\/wp\/v2\/pages\/54","targetHints":{"allow":["GET"]}}],"collection":[{"href":"http:\/\/unsa-nantesmetropole.org\/index.php?rest_route=\/wp\/v2\/pages"}],"about":[{"href":"http:\/\/unsa-nantesmetropole.org\/index.php?rest_route=\/wp\/v2\/types\/page"}],"author":[{"embeddable":true,"href":"http:\/\/unsa-nantesmetropole.org\/index.php?rest_route=\/wp\/v2\/users\/3"}],"replies":[{"embeddable":true,"href":"http:\/\/unsa-nantesmetropole.org\/index.php?rest_route=%2Fwp%2Fv2%2Fcomments&post=54"}],"version-history":[{"count":24,"href":"http:\/\/unsa-nantesmetropole.org\/index.php?rest_route=\/wp\/v2\/pages\/54\/revisions"}],"predecessor-version":[{"id":8531,"href":"http:\/\/unsa-nantesmetropole.org\/index.php?rest_route=\/wp\/v2\/pages\/54\/revisions\/8531"}],"wp:attachment":[{"href":"http:\/\/unsa-nantesmetropole.org\/index.php?rest_route=%2Fwp%2Fv2%2Fmedia&parent=54"}],"curies":[{"name":"wp","href":"https:\/\/api.w.org\/{rel}","templated":true}]}}